{"id":153,"date":"2024-03-22T09:49:49","date_gmt":"2024-03-22T08:49:49","guid":{"rendered":"https:\/\/hivet-mangin.fr\/?page_id=153"},"modified":"2024-03-22T13:49:48","modified_gmt":"2024-03-22T12:49:48","slug":"ateliers","status":"publish","type":"page","link":"https:\/\/hivet-mangin.fr\/index.php\/ateliers\/","title":{"rendered":"Ateliers"},"content":{"rendered":"<style>.breakdance .bde-section-153-100{background-color:var(--bde-palette-color-1);background-image:url(https:\/\/hivet-mangin.fr\/wp-content\/uploads\/2024\/03\/joseph-morris-Tac8FvqAnEw-unsplash-scaled.jpg);background-position:37.32% 100%}.breakdance .bde-section-153-100>.section-background-overlay{background-color:var(--bde-palette-color-4);transition:background-color var(--bde-transition-duration) ease-in-out}.breakdance .bde-section-153-100>.section-background-overlay{opacity:0.5}.breakdance .bde-section-153-100>.section-background-overlay{mix-blend-mode:multiply}<\/style><section class=\"bde-section-153-100 bde-section\">\n              \n  \n\t\n\n  <div class=\"section-background-overlay\"><\/div>\n\n\n<div class=\"section-container\"><div class=\"bde-columns-153-109 bde-columns\"><div class=\"bde-column-153-110 bde-column\">\n  \n\t\n\n\n\n<div class=\"bde-div-153-101 bde-div\">\n  \n\t\n\n\n\n<h1 class=\"bde-heading-153-102 bde-heading\">\nAteliers\n<\/h1>\n<\/div>\n<\/div><div class=\"bde-column-153-111 bde-column\">\n  \n\t\n\n\n\n\n<\/div><\/div><\/div>\n<\/section><section class=\"bde-section-153-112 bde-section\">\n  \n\t\n\n\n\n<div class=\"section-container\"><div class=\"bde-columns-153-113 bde-columns\"><div class=\"bde-column-153-114 bde-column\">\n  \n\t\n\n\n\n<div class=\"bde-div-153-115 bde-div\">\n  \n\t\n\n\n\n\n<\/div>\n<\/div><div class=\"bde-column-153-117 bde-column\">\n  \n\t\n\n\n\n<div class=\"bde-div-153-118 bde-div\" data-entrance=\"fade\">\n  \n\t\n\n\n\n<h2 class=\"bde-heading-153-119 bde-heading\">\nIntroduction\n<\/h2><div class=\"bde-text-153-120 bde-text\">\nR\u00e9gis Hivet-Mangin propose deux ateliers uniques, con\u00e7us pour tous ceux qui souhaitent s'immerger dans l'art, quels que soient leur \u00e2ge ou leur niveau.<br><br>Du plaisir pur de cr\u00e9er au bien-\u00eatre apport\u00e9 par l'expression artistique, nos ateliers offrent un espace o\u00f9 l'art devient un vecteur de d\u00e9couverte personnelle et de gu\u00e9rison.\n<\/div>\n<\/div>\n<\/div><\/div><\/div>\n<\/section><section class=\"bde-section-153-121 bde-section\">\n  \n\t\n\n\n\n<div class=\"section-container\"><div class=\"bde-columns-153-122 bde-columns\" data-entrance=\"fade\"><div class=\"bde-column-153-123 bde-column\">\n  \n\t\n\n\n\n<h4 class=\"bde-heading-153-124 bde-heading\">\nExprimer librement votre cr\u00e9ativit\u00e9\n<\/h4><div class=\"bde-text-153-129 bde-text\">\nObjectif Plastique\n<\/div><div class=\"bde-button-153-139 bde-button\">\n    \n                                    \n    \n    \n    \n    \n            \n                    \n            \n            \n\n    \n    \n    \n    \n    \n    <a class=\"breakdance-link button-atom button-atom--secondary bde-button__button\" href=\"https:\/\/hivet-mangin.fr\/index.php\/evenements\/\" target=\"_self\" data-type=\"url\"  >\n\n    \n        <span class=\"button-atom__text\">Voir l'agenda<\/span>\n\n        \n        \n                <\/a>\n\n    \n\n\n<\/div>\n<\/div><div class=\"bde-column-153-125 bde-column\">\n  \n\t\n\n\n\n<div class=\"bde-text-153-126 bde-text\">\nCet atelier vous propose de plonger dans le vaste monde de la cr\u00e9ativit\u00e9 pure. Avec R\u00e9gis comme guide, explorez diff\u00e9rentes techniques artistiques, de la peinture au d\u00e9coupage, et d\u00e9couvrez votre propre langage visuel. Cet espace de cr\u00e9ation est ouvert \u00e0 tous, cherchant \u00e0 lib\u00e9rer le potentiel cr\u00e9atif qui sommeille en chacun.\n<\/div>\n<\/div><\/div><div class=\"bde-div-153-127 bde-div\">\n  \n\t\n\n\n\n<div class=\"bde-image-153-128 bde-image\" data-entrance=\"fade\">\n<figure class=\"breakdance-image breakdance-image--161\">\n\t<div class=\"breakdance-image-container\">\n\t\t<div class=\"breakdance-image-clip\"><img loading=\"lazy\" decoding=\"async\" class=\"breakdance-image-object\" src=\"https:\/\/hivet-mangin.fr\/wp-content\/uploads\/2024\/03\/matthieu-comoy-koo_vYrlU_U-unsplash-scaled.jpg\" width=\"2560\" height=\"1707\" srcset=\"https:\/\/hivet-mangin.fr\/wp-content\/uploads\/2024\/03\/matthieu-comoy-koo_vYrlU_U-unsplash-scaled.jpg 2560w, https:\/\/hivet-mangin.fr\/wp-content\/uploads\/2024\/03\/matthieu-comoy-koo_vYrlU_U-unsplash-300x200.jpg 300w, https:\/\/hivet-mangin.fr\/wp-content\/uploads\/2024\/03\/matthieu-comoy-koo_vYrlU_U-unsplash-1024x683.jpg 1024w, https:\/\/hivet-mangin.fr\/wp-content\/uploads\/2024\/03\/matthieu-comoy-koo_vYrlU_U-unsplash-768x512.jpg 768w, https:\/\/hivet-mangin.fr\/wp-content\/uploads\/2024\/03\/matthieu-comoy-koo_vYrlU_U-unsplash-1536x1024.jpg 1536w, https:\/\/hivet-mangin.fr\/wp-content\/uploads\/2024\/03\/matthieu-comoy-koo_vYrlU_U-unsplash-2048x1365.jpg 2048w\" sizes=\"auto, (max-width: 2560px) 100vw, 2560px\"><\/div>\n\t<\/div><\/figure>\n\n<\/div>\n<\/div><\/div>\n<\/section><section class=\"bde-section-153-130 bde-section\">\n  \n\t\n\n\n\n<div class=\"section-container\"><div class=\"bde-columns-153-131 bde-columns\" data-entrance=\"fade\"><div class=\"bde-column-153-132 bde-column\">\n  \n\t\n\n\n\n<h4 class=\"bde-heading-153-133 bde-heading\">\nL'Art comme refuge et gu\u00e9rison\n<\/h4><div class=\"bde-text-153-134 bde-text\">\nObjectif Plastique et Th\u00e9rapeutique\n<\/div><div class=\"bde-button-153-140 bde-button\">\n    \n                                    \n    \n    \n    \n    \n            \n                    \n            \n            \n\n    \n    \n    \n    \n    \n    <a class=\"breakdance-link button-atom button-atom--primary bde-button__button\" href=\"https:\/\/hivet-mangin.fr\/index.php\/evenements\/\" target=\"_self\" data-type=\"url\"  >\n\n    \n        <span class=\"button-atom__text\">Voir l'agenda<\/span>\n\n        \n        \n                <\/a>\n\n    \n\n\n<\/div>\n<\/div><div class=\"bde-column-153-135 bde-column\">\n  \n\t\n\n\n\n<div class=\"bde-text-153-136 bde-text\">\nCet atelier vous propose de plonger dans le vaste monde de la cr\u00e9ativit\u00e9 pure. Avec R\u00e9gis comme guide, explorez diff\u00e9rentes techniques artistiques, de la peinture au d\u00e9coupage, et d\u00e9couvrez votre propre langage visuel. Cet espace de cr\u00e9ation est ouvert \u00e0 tous, cherchant \u00e0 lib\u00e9rer le potentiel cr\u00e9atif qui sommeille en chacun.\n<\/div>\n<\/div><\/div><div class=\"bde-div-153-137 bde-div\">\n  \n\t\n\n\n\n<div class=\"bde-image-153-138 bde-image\" data-entrance=\"fade\">\n<figure class=\"breakdance-image breakdance-image--41\">\n\t<div class=\"breakdance-image-container\">\n\t\t<div class=\"breakdance-image-clip\"><img loading=\"lazy\" decoding=\"async\" class=\"breakdance-image-object\" src=\"https:\/\/hivet-mangin.fr\/wp-content\/uploads\/2024\/03\/joseph-morris-Tac8FvqAnEw-unsplash-scaled.jpg\" width=\"2560\" height=\"1440\" srcset=\"https:\/\/hivet-mangin.fr\/wp-content\/uploads\/2024\/03\/joseph-morris-Tac8FvqAnEw-unsplash-scaled.jpg 2560w, https:\/\/hivet-mangin.fr\/wp-content\/uploads\/2024\/03\/joseph-morris-Tac8FvqAnEw-unsplash-300x169.jpg 300w, https:\/\/hivet-mangin.fr\/wp-content\/uploads\/2024\/03\/joseph-morris-Tac8FvqAnEw-unsplash-1024x576.jpg 1024w, https:\/\/hivet-mangin.fr\/wp-content\/uploads\/2024\/03\/joseph-morris-Tac8FvqAnEw-unsplash-768x432.jpg 768w, https:\/\/hivet-mangin.fr\/wp-content\/uploads\/2024\/03\/joseph-morris-Tac8FvqAnEw-unsplash-1536x864.jpg 1536w, https:\/\/hivet-mangin.fr\/wp-content\/uploads\/2024\/03\/joseph-morris-Tac8FvqAnEw-unsplash-2048x1152.jpg 2048w\" sizes=\"auto, (max-width: 2560px) 100vw, 2560px\"><\/div>\n\t<\/div><\/figure>\n\n<\/div>\n<\/div><\/div>\n<\/section><section class=\"bde-section-153-151 bde-section\">\n  \n\t\n\n\n\n<div class=\"section-container\"><div class=\"bde-columns-153-152 bde-columns\"><div class=\"bde-column-153-153 bde-column\">\n  \n\t\n\n\n\n<div class=\"bde-icon-box-153-154 bde-icon-box\">\n\n    \n            <div class=\"ee-iconbox-icon breakdance-icon-atom\" >\n    \n                    <svg xmlns=\"http:\/\/www.w3.org\/2000\/svg\" viewBox=\"0 0 512 512\"><!-- Font Awesome Free 5.15.1 by @fontawesome - https:\/\/fontawesome.com License - https:\/\/fontawesome.com\/license\/free (Icons: CC BY 4.0, Fonts: SIL OFL 1.1, Code: MIT License) --><path d=\"M167.02 309.34c-40.12 2.58-76.53 17.86-97.19 72.3-2.35 6.21-8 9.98-14.59 9.98-11.11 0-45.46-27.67-55.25-34.35C0 439.62 37.93 512 128 512c75.86 0 128-43.77 128-120.19 0-3.11-.65-6.08-.97-9.13l-88.01-73.34zM457.89 0c-15.16 0-29.37 6.71-40.21 16.45C213.27 199.05 192 203.34 192 257.09c0 13.7 3.25 26.76 8.73 38.7l63.82 53.18c7.21 1.8 14.64 3.03 22.39 3.03 62.11 0 98.11-45.47 211.16-256.46 7.38-14.35 13.9-29.85 13.9-45.99C512 20.64 486 0 457.89 0z\"\/><\/svg>\n        \n        \n        \n            <\/div>\n    \n\n<div class=\"ee-iconbox-content\">\n      <p class=\"ee-iconbox-title bde-h3\" >Cr\u00e9ativit\u00e9 sans limites<\/p>\n        <div class=\"ee-iconbox-text\" >Exp\u00e9rimentez avec diverses techniques sous la guidance experte de R\u00e9gis.<\/div>\n    <\/div>\n\n<\/div>\n<\/div><div class=\"bde-column-153-155 bde-column\">\n  \n\t\n\n\n\n<div class=\"bde-icon-box-153-156 bde-icon-box\">\n\n    \n            <div class=\"ee-iconbox-icon breakdance-icon-atom\" >\n    \n                    <svg xmlns=\"http:\/\/www.w3.org\/2000\/svg\" viewBox=\"0 0 640 512\"><!-- Font Awesome Free 5.15.1 by @fontawesome - https:\/\/fontawesome.com License - https:\/\/fontawesome.com\/license\/free (Icons: CC BY 4.0, Fonts: SIL OFL 1.1, Code: MIT License) --><path d=\"M192 256c61.9 0 112-50.1 112-112S253.9 32 192 32 80 82.1 80 144s50.1 112 112 112zm76.8 32h-8.3c-20.8 10-43.9 16-68.5 16s-47.6-6-68.5-16h-8.3C51.6 288 0 339.6 0 403.2V432c0 26.5 21.5 48 48 48h288c26.5 0 48-21.5 48-48v-28.8c0-63.6-51.6-115.2-115.2-115.2zM480 256c53 0 96-43 96-96s-43-96-96-96-96 43-96 96 43 96 96 96zm48 32h-3.8c-13.9 4.8-28.6 8-44.2 8s-30.3-3.2-44.2-8H432c-20.4 0-39.2 5.9-55.7 15.4 24.4 26.3 39.7 61.2 39.7 99.8v38.4c0 2.2-.5 4.3-.6 6.4H592c26.5 0 48-21.5 48-48 0-61.9-50.1-112-112-112z\"\/><\/svg>\n        \n        \n        \n            <\/div>\n    \n\n<div class=\"ee-iconbox-content\">\n      <h4 class=\"ee-iconbox-title bde-h3\" >Rencontres inspirantes<\/h4>\n        <div class=\"ee-iconbox-text\" >Partagez l'espace avec des passionn\u00e9s d'art, cr\u00e9ez des liens et inspirez-vous mutuellement.<\/div>\n    <\/div>\n\n<\/div>\n<\/div><div class=\"bde-column-153-157 bde-column\">\n  \n\t\n\n\n\n<div class=\"bde-icon-box-153-158 bde-icon-box\">\n\n    \n            <div class=\"ee-iconbox-icon breakdance-icon-atom\" >\n    \n                    <svg xmlns=\"http:\/\/www.w3.org\/2000\/svg\" viewBox=\"0 0 576 512\"><!-- Font Awesome Free 5.15.1 by @fontawesome - https:\/\/fontawesome.com License - https:\/\/fontawesome.com\/license\/free (Icons: CC BY 4.0, Fonts: SIL OFL 1.1, Code: MIT License) --><path d=\"M275.3 250.5c7 7.4 18.4 7.4 25.5 0l108.9-114.2c31.6-33.2 29.8-88.2-5.6-118.8-30.8-26.7-76.7-21.9-104.9 7.7L288 36.9l-11.1-11.6C248.7-4.4 202.8-9.2 172 17.5c-35.3 30.6-37.2 85.6-5.6 118.8l108.9 114.2zm290 77.6c-11.8-10.7-30.2-10-42.6 0L430.3 402c-11.3 9.1-25.4 14-40 14H272c-8.8 0-16-7.2-16-16s7.2-16 16-16h78.3c15.9 0 30.7-10.9 33.3-26.6 3.3-20-12.1-37.4-31.6-37.4H192c-27 0-53.1 9.3-74.1 26.3L71.4 384H16c-8.8 0-16 7.2-16 16v96c0 8.8 7.2 16 16 16h356.8c14.5 0 28.6-4.9 40-14L564 377c15.2-12.1 16.4-35.3 1.3-48.9z\"\/><\/svg>\n        \n        \n        \n            <\/div>\n    \n\n<div class=\"ee-iconbox-content\">\n      <p class=\"ee-iconbox-title bde-h3\" >Croissance personnelle<\/p>\n        <div class=\"ee-iconbox-text\" >Utilisez l'art pour explorer votre int\u00e9rieur, exprimer des \u00e9motions et stimuler votre croissance personnelle.<\/div>\n    <\/div>\n\n<\/div>\n<\/div><\/div><\/div>\n<\/section>","protected":false},"excerpt":{"rendered":"<p>Ateliers Introduction R\u00e9gis Hivet-Mangin propose deux ateliers uniques, con\u00e7us pour tous ceux qui souhaitent s&rsquo;immerger dans l&rsquo;art, quels que soient leur \u00e2ge ou leur niveau.Du plaisir pur de cr\u00e9er au bien-\u00eatre apport\u00e9 par l&rsquo;expression artistique, nos ateliers offrent un espace o\u00f9 l&rsquo;art devient un vecteur de d\u00e9couverte personnelle et de gu\u00e9rison. Exprimer librement votre cr\u00e9ativit\u00e9 [&hellip;]<\/p>\n","protected":false},"author":1,"featured_media":41,"parent":0,"menu_order":0,"comment_status":"closed","ping_status":"closed","template":"","meta":{"_acf_changed":false,"_breakdance_hide_in_design_set":false,"_breakdance_tags":"","footnotes":""},"class_list":["post-153","page","type-page","status-publish","has-post-thumbnail","hentry"],"acf":[],"_links":{"self":[{"href":"https:\/\/hivet-mangin.fr\/index.php\/wp-json\/wp\/v2\/pages\/153","targetHints":{"allow":["GET"]}}],"collection":[{"href":"https:\/\/hivet-mangin.fr\/index.php\/wp-json\/wp\/v2\/pages"}],"about":[{"href":"https:\/\/hivet-mangin.fr\/index.php\/wp-json\/wp\/v2\/types\/page"}],"author":[{"embeddable":true,"href":"https:\/\/hivet-mangin.fr\/index.php\/wp-json\/wp\/v2\/users\/1"}],"replies":[{"embeddable":true,"href":"https:\/\/hivet-mangin.fr\/index.php\/wp-json\/wp\/v2\/comments?post=153"}],"version-history":[{"count":21,"href":"https:\/\/hivet-mangin.fr\/index.php\/wp-json\/wp\/v2\/pages\/153\/revisions"}],"predecessor-version":[{"id":284,"href":"https:\/\/hivet-mangin.fr\/index.php\/wp-json\/wp\/v2\/pages\/153\/revisions\/284"}],"wp:featuredmedia":[{"embeddable":true,"href":"https:\/\/hivet-mangin.fr\/index.php\/wp-json\/wp\/v2\/media\/41"}],"wp:attachment":[{"href":"https:\/\/hivet-mangin.fr\/index.php\/wp-json\/wp\/v2\/media?parent=153"}],"curies":[{"name":"wp","href":"https:\/\/api.w.org\/{rel}","templated":true}]}}